{"id":44,"date":"2019-08-06T16:23:52","date_gmt":"2019-08-06T16:23:52","guid":{"rendered":"https:\/\/beta.wettertessin.helminet.ch\/?page_id=44"},"modified":"2024-08-05T21:55:17","modified_gmt":"2024-08-05T21:55:17","slug":"info","status":"publish","type":"page","link":"https:\/\/wettertessin.helminet.ch\/index.php\/info\/","title":{"rendered":"Info"},"content":{"rendered":"\n<hr class=\"wp-block-separator has-css-opacity\"\/>\n\n\n\n<h3 class=\"wp-block-heading\">Grappah\u00fcsli<\/h3>\n\n\n\n\n\n\n\n\n\n\n\n\n<hr class=\"wp-block-separator has-css-opacity\"\/>\n\n\n\n<h3 class=\"wp-block-heading\">H\u00fchnerstall<\/h3>\n\n\n\n\n\n\n\n\n\n<hr class=\"wp-block-separator has-css-opacity\"\/>\n\n\n\n<h2 class=\"wp-block-heading\">Renner<\/h2>\n\n\n\n\n\n\n<hr class=\"wp-block-separator has-css-opacity\"\/>\n\n\n\n<h3 class=\"wp-block-heading\">Splunk Daten Grappah\u00fcsli<\/h3>\n\n\n\n<iframe loading=\"lazy\" height=\"460px\" width=\"100%\" src=\"https:\/\/splunk.helminet.ch\/de-DE\/embed?s=%2FservicesNS%2Fnobody%2FUI-Helminet-MasterVolt%2Fsaved%2Fsearches%2Fwettertessin.helminet.ch&#038;oid=CybdurUWFpYHH6Vcv6kXmPUqNp5Cen7NI_ABcHQWtTIlNwrOuxP5XhdUaWej2DszIsgoN62K_HgS3brCZaS%5EiWInW2aeJ4_SDdHNttm_eBNFCrZTNHUEE8TpnZ9C2LvT1o3bfwC6E9F9LYCbULp3aTnCz3SjrE2JI7XJvF2_qYWXj7nG7_tc\"><\/iframe>\n\n\n\n<hr class=\"wp-block-separator has-css-opacity\"\/>\n","protected":false},"excerpt":{"rendered":"<p>Grappah\u00fcsli H\u00fchnerstall Renner Splunk Daten Grappah\u00fcsli<\/p>\n","protected":false},"author":2,"featured_media":0,"parent":0,"menu_order":9,"comment_status":"closed","ping_status":"closed","template":"","meta":{"_et_pb_use_builder":"off","_et_pb_old_content":"<!-- wp:shortcode -->\n[xyz-ips snippet=\"checkOnlineStateByFileDate\"]\n<!-- \/wp:shortcode -->\n\n<!-- wp:shortcode -->\n[xyz-ips snippet=\"PHPCheck\"]\n<!-- \/wp:shortcode -->\n\n<!-- wp:html -->\n<figure><iframe height=\"500px\" width=\"100%\" src=\"https:\/\/splunk.helminet.ch\/en-US\/embed?s=%2FservicesNS%2Fnobody%2FUI-Helminet-MasterVolt%2Fsaved%2Fsearches%2Fwettertessin.helminet.ch&amp;oid=spkQSkJFeaG%5EETtTA_QnuZArzNZ8wtpkXy8oasr8_FSJ85kPEDPeMsTTmIvbLLk9deNW%5E8KdhLz5i6xMtksWKhSKQbbbzHlWNQf0779GLsTcAEfMivAgzrk8o4cgFfe%5E3wnz%5END2UcAy9T7W1n7igK%5E9j9vYs0vN98IPFdG0GRsv1Oer_2jsx1r\"><\/iframe><\/figure>\n<!-- \/wp:html -->\n\n<!-- wp:paragraph -->\n<p><\/p>\n<!-- \/wp:paragraph -->","_et_gb_content_width":"","footnotes":""},"_links":{"self":[{"href":"https:\/\/wettertessin.helminet.ch\/index.php\/wp-json\/wp\/v2\/pages\/44"}],"collection":[{"href":"https:\/\/wettertessin.helminet.ch\/index.php\/wp-json\/wp\/v2\/pages"}],"about":[{"href":"https:\/\/wettertessin.helminet.ch\/index.php\/wp-json\/wp\/v2\/types\/page"}],"author":[{"embeddable":true,"href":"https:\/\/wettertessin.helminet.ch\/index.php\/wp-json\/wp\/v2\/users\/2"}],"replies":[{"embeddable":true,"href":"https:\/\/wettertessin.helminet.ch\/index.php\/wp-json\/wp\/v2\/comments?post=44"}],"version-history":[{"count":62,"href":"https:\/\/wettertessin.helminet.ch\/index.php\/wp-json\/wp\/v2\/pages\/44\/revisions"}],"predecessor-version":[{"id":379,"href":"https:\/\/wettertessin.helminet.ch\/index.php\/wp-json\/wp\/v2\/pages\/44\/revisions\/379"}],"wp:attachment":[{"href":"https:\/\/wettertessin.helminet.ch\/index.php\/wp-json\/wp\/v2\/media?parent=44"}],"curies":[{"name":"wp","href":"https:\/\/api.w.org\/{rel}","templated":true}]}}